{"id":40605,"date":"2025-04-12T01:25:27","date_gmt":"2025-04-12T01:25:27","guid":{"rendered":"https:\/\/modaturki.com\/product\/%d9%81%d8%b3%d8%aa%d8%a7%d9%86-%d9%82%d8%b7%d9%86-%d9%85%d8%a8%d8%b7%d9%86\/"},"modified":"2025-04-20T20:24:39","modified_gmt":"2025-04-20T20:24:39","slug":"%d9%81%d8%b3%d8%aa%d8%a7%d9%86-%d9%82%d8%b7%d9%86-%d9%85%d8%a8%d8%b7%d9%86","status":"publish","type":"product","link":"https:\/\/modaturki.com\/tr\/urun\/%d9%81%d8%b3%d8%aa%d8%a7%d9%86-%d9%82%d8%b7%d9%86-%d9%85%d8%a8%d8%b7%d9%86\/","title":{"rendered":"Kapitone pamuklu elbise"},"content":{"rendered":"<p>Zarif elbise 38 ve 40 beden. Omuzdan 135 cm Rahat, kapitone pamuktan \u00fcretilmi\u015ftir, rahatt\u0131r ve dalgal\u0131 havalar i\u00e7in uygundur. G\u00fcnl\u00fck kullan\u0131m i\u00e7in m\u00fckemmel olan sade ve yumu\u015fak bir tasar\u0131m. Fiyat: 1350 lira.<\/p>\n","protected":false},"excerpt":{"rendered":"<p>Zarif elbise 38 ve 40 beden. Omuzdan 135 cm Rahat, kapitone pamuktan \u00fcretilmi\u015ftir, rahatt\u0131r ve dalgal\u0131 havalar i\u00e7in uygundur. G\u00fcnl\u00fck kullan\u0131m i\u00e7in m\u00fckemmel olan sade ve yumu\u015fak bir tasar\u0131m. Fiyat: 1350 lira.<\/p>\n","protected":false},"featured_media":40365,"comment_status":"open","ping_status":"closed","template":"","meta":[],"product_cat":[524],"product_tag":[],"_links":{"self":[{"href":"https:\/\/modaturki.com\/tr\/wp-json\/wp\/v2\/product\/40605"}],"collection":[{"href":"https:\/\/modaturki.com\/tr\/wp-json\/wp\/v2\/product"}],"about":[{"href":"https:\/\/modaturki.com\/tr\/wp-json\/wp\/v2\/types\/product"}],"replies":[{"embeddable":true,"href":"https:\/\/modaturki.com\/tr\/wp-json\/wp\/v2\/comments?post=40605"}],"wp:featuredmedia":[{"embeddable":true,"href":"https:\/\/modaturki.com\/tr\/wp-json\/wp\/v2\/media\/40365"}],"wp:attachment":[{"href":"https:\/\/modaturki.com\/tr\/wp-json\/wp\/v2\/media?parent=40605"}],"wp:term":[{"taxonomy":"product_cat","embeddable":true,"href":"https:\/\/modaturki.com\/tr\/wp-json\/wp\/v2\/product_cat?post=40605"},{"taxonomy":"product_tag","embeddable":true,"href":"https:\/\/modaturki.com\/tr\/wp-json\/wp\/v2\/product_tag?post=40605"}],"curies":[{"name":"wp","href":"https:\/\/api.w.org\/{rel}","templated":true}]}}