{"id":40598,"date":"2025-04-12T01:35:41","date_gmt":"2025-04-12T01:35:41","guid":{"rendered":"https:\/\/modaturki.com\/product\/%d9%81%d8%b3%d8%aa%d8%a7%d9%86-%d9%82%d8%b7%d9%86-%d8%a8%d9%86%d9%82%d8%b4%d8%a9-%d8%a7%d9%84%d8%b2%d9%87%d9%88%d8%b1\/"},"modified":"2025-04-20T20:23:53","modified_gmt":"2025-04-20T20:23:53","slug":"%d9%81%d8%b3%d8%aa%d8%a7%d9%86-%d9%82%d8%b7%d9%86-%d8%a8%d9%86%d9%82%d8%b4%d8%a9-%d8%a7%d9%84%d8%b2%d9%87%d9%88%d8%b1","status":"publish","type":"product","link":"https:\/\/modaturki.com\/tr\/urun\/%d9%81%d8%b3%d8%aa%d8%a7%d9%86-%d9%82%d8%b7%d9%86-%d8%a8%d9%86%d9%82%d8%b4%d8%a9-%d8%a7%d9%84%d8%b2%d9%87%d9%88%d8%b1\/","title":{"rendered":"\u00c7i\u00e7ek Desenli Pamuklu Elbise"},"content":{"rendered":"<p>Zarif \u00e7i\u00e7ek desenli modern elbise. Yumu\u015fak ve rahat kapitone pamuklu malzeme. Omuzdan 135 cm 36, 38 ve 38 bedenlerde mevcuttur 40. Yumu\u015fak, kad\u0131ns\u0131 bir g\u00f6r\u00fcn\u00fcm i\u00e7in ipli bel. Fiyat: 1550 lira.<\/p>\n","protected":false},"excerpt":{"rendered":"<p>Zarif \u00e7i\u00e7ek desenli modern elbise. Yumu\u015fak ve rahat kapitone pamuklu malzeme. Omuzdan 135 cm 36, 38 ve 38 bedenlerde mevcuttur 40. Yumu\u015fak, kad\u0131ns\u0131 bir g\u00f6r\u00fcn\u00fcm i\u00e7in ipli bel. Fiyat: 1550 lira.<\/p>\n","protected":false},"featured_media":40377,"comment_status":"open","ping_status":"closed","template":"","meta":[],"product_cat":[524],"product_tag":[],"_links":{"self":[{"href":"https:\/\/modaturki.com\/tr\/wp-json\/wp\/v2\/product\/40598"}],"collection":[{"href":"https:\/\/modaturki.com\/tr\/wp-json\/wp\/v2\/product"}],"about":[{"href":"https:\/\/modaturki.com\/tr\/wp-json\/wp\/v2\/types\/product"}],"replies":[{"embeddable":true,"href":"https:\/\/modaturki.com\/tr\/wp-json\/wp\/v2\/comments?post=40598"}],"wp:featuredmedia":[{"embeddable":true,"href":"https:\/\/modaturki.com\/tr\/wp-json\/wp\/v2\/media\/40377"}],"wp:attachment":[{"href":"https:\/\/modaturki.com\/tr\/wp-json\/wp\/v2\/media?parent=40598"}],"wp:term":[{"taxonomy":"product_cat","embeddable":true,"href":"https:\/\/modaturki.com\/tr\/wp-json\/wp\/v2\/product_cat?post=40598"},{"taxonomy":"product_tag","embeddable":true,"href":"https:\/\/modaturki.com\/tr\/wp-json\/wp\/v2\/product_tag?post=40598"}],"curies":[{"name":"wp","href":"https:\/\/api.w.org\/{rel}","templated":true}]}}