{"id":40592,"date":"2024-06-25T12:18:50","date_gmt":"2024-06-25T12:18:50","guid":{"rendered":"https:\/\/modaturki.com\/product\/%d8%b7%d9%82%d9%85-%d9%88%d8%b1%d8%af%d9%8a\/"},"modified":"2025-04-20T20:21:42","modified_gmt":"2025-04-20T20:21:42","slug":"%d8%b7%d9%82%d9%85-%d9%88%d8%b1%d8%af%d9%8a","status":"publish","type":"product","link":"https:\/\/modaturki.com\/tr\/urun\/%d8%b7%d9%82%d9%85-%d9%88%d8%b1%d8%af%d9%8a\/","title":{"rendered":"Pembe set"},"content":{"rendered":"<p>&nbsp;<\/p>\n<p>Renk: Pembe<\/p>\n<p>Kiri\u015f \u00f6l\u00e7\u00fcleri:<br \/>\nY\u00fckseklik: 174. G\u00f6\u011f\u00fcs: 90. Bel: 65. Kal\u00e7a: 90.<\/p>\n<p>Uzunlu\u011fu: Omuzdan 90 cm.<\/p>\n","protected":false},"excerpt":{"rendered":"<p>&nbsp; Renk: Pembe Kiri\u015f \u00f6l\u00e7\u00fcleri: Y\u00fckseklik: 174. G\u00f6\u011f\u00fcs: 90. Bel: 65. Kal\u00e7a: 90. Uzunlu\u011fu: Omuzdan 90 cm.<\/p>\n","protected":false},"featured_media":40196,"comment_status":"open","ping_status":"closed","template":"","meta":[],"product_cat":[544,531],"product_tag":[],"_links":{"self":[{"href":"https:\/\/modaturki.com\/tr\/wp-json\/wp\/v2\/product\/40592"}],"collection":[{"href":"https:\/\/modaturki.com\/tr\/wp-json\/wp\/v2\/product"}],"about":[{"href":"https:\/\/modaturki.com\/tr\/wp-json\/wp\/v2\/types\/product"}],"replies":[{"embeddable":true,"href":"https:\/\/modaturki.com\/tr\/wp-json\/wp\/v2\/comments?post=40592"}],"wp:featuredmedia":[{"embeddable":true,"href":"https:\/\/modaturki.com\/tr\/wp-json\/wp\/v2\/media\/40196"}],"wp:attachment":[{"href":"https:\/\/modaturki.com\/tr\/wp-json\/wp\/v2\/media?parent=40592"}],"wp:term":[{"taxonomy":"product_cat","embeddable":true,"href":"https:\/\/modaturki.com\/tr\/wp-json\/wp\/v2\/product_cat?post=40592"},{"taxonomy":"product_tag","embeddable":true,"href":"https:\/\/modaturki.com\/tr\/wp-json\/wp\/v2\/product_tag?post=40592"}],"curies":[{"name":"wp","href":"https:\/\/api.w.org\/{rel}","templated":true}]}}