{"id":40562,"date":"2024-06-24T19:14:36","date_gmt":"2024-06-24T19:14:36","guid":{"rendered":"https:\/\/modaturki.com\/product\/%d9%81%d8%b3%d8%aa%d8%a7%d9%86-%d9%83%d8%a7%d8%b4%d9%85%d9%8a%d8%b1-%d8%b7%d9%88%d9%8a%d9%84\/"},"modified":"2025-04-20T20:20:31","modified_gmt":"2025-04-20T20:20:31","slug":"%d9%81%d8%b3%d8%aa%d8%a7%d9%86-%d9%83%d8%a7%d8%b4%d9%85%d9%8a%d8%b1-%d8%b7%d9%88%d9%8a%d9%84","status":"publish","type":"product","link":"https:\/\/modaturki.com\/tr\/urun\/%d9%81%d8%b3%d8%aa%d8%a7%d9%86-%d9%83%d8%a7%d8%b4%d9%85%d9%8a%d8%b1-%d8%b7%d9%88%d9%8a%d9%84\/","title":{"rendered":"Ka\u015fmir maksi elbise"},"content":{"rendered":"<p>Tuval: Kristal Krep <\/p>\n<p>I\u015f\u0131n \u00f6l\u00e7\u00fcmleri:<\/p>\n<p>Y\u00fckseklik: 174. G\u00f6\u011f\u00fcs: 90. Bel: 65. Kal\u00e7a: 90.<\/p>\n<p>Uzunluk: Omuzdan itibaren 145 cm. <\/p>\n<p>Fiyat: 850<\/p>\n<p>\u00d6l\u00e7\u00fcn: 46<\/p>\n","protected":false},"excerpt":{"rendered":"<p>Tuval: Kristal Krep I\u015f\u0131n \u00f6l\u00e7\u00fcmleri: Y\u00fckseklik: 174. G\u00f6\u011f\u00fcs: 90. Bel: 65. Kal\u00e7a: 90. Uzunluk: Omuzdan itibaren 145 cm. Fiyat: 850 \u00d6l\u00e7\u00fcn: 46<\/p>\n","protected":false},"featured_media":40143,"comment_status":"open","ping_status":"closed","template":"","meta":[],"product_cat":[530,531],"product_tag":[],"_links":{"self":[{"href":"https:\/\/modaturki.com\/tr\/wp-json\/wp\/v2\/product\/40562"}],"collection":[{"href":"https:\/\/modaturki.com\/tr\/wp-json\/wp\/v2\/product"}],"about":[{"href":"https:\/\/modaturki.com\/tr\/wp-json\/wp\/v2\/types\/product"}],"replies":[{"embeddable":true,"href":"https:\/\/modaturki.com\/tr\/wp-json\/wp\/v2\/comments?post=40562"}],"wp:featuredmedia":[{"embeddable":true,"href":"https:\/\/modaturki.com\/tr\/wp-json\/wp\/v2\/media\/40143"}],"wp:attachment":[{"href":"https:\/\/modaturki.com\/tr\/wp-json\/wp\/v2\/media?parent=40562"}],"wp:term":[{"taxonomy":"product_cat","embeddable":true,"href":"https:\/\/modaturki.com\/tr\/wp-json\/wp\/v2\/product_cat?post=40562"},{"taxonomy":"product_tag","embeddable":true,"href":"https:\/\/modaturki.com\/tr\/wp-json\/wp\/v2\/product_tag?post=40562"}],"curies":[{"name":"wp","href":"https:\/\/api.w.org\/{rel}","templated":true}]}}