{"id":40541,"date":"2024-06-25T17:01:29","date_gmt":"2024-06-25T17:01:29","guid":{"rendered":"https:\/\/modaturki.com\/product\/%d9%81%d8%b3%d8%aa%d8%a7%d9%86-%d8%a8%d8%aa%d8%b7%d8%b1%d9%8a%d8%b2-%d9%83%d8%ad%d9%84%d9%8a\/"},"modified":"2025-04-20T12:55:24","modified_gmt":"2025-04-20T12:55:24","slug":"%d9%81%d8%b3%d8%aa%d8%a7%d9%86-%d8%a8%d8%aa%d8%b7%d8%b1%d9%8a%d8%b2-%d9%83%d8%ad%d9%84%d9%8a","status":"publish","type":"product","link":"https:\/\/modaturki.com\/tr\/urun\/%d9%81%d8%b3%d8%aa%d8%a7%d9%86-%d8%a8%d8%aa%d8%b7%d8%b1%d9%8a%d8%b2-%d9%83%d8%ad%d9%84%d9%8a\/","title":{"rendered":"Lacivert \u0130\u015flemeli Elbise"},"content":{"rendered":"<p>Malzeme G\u00fcderi<br \/>\nYaln\u0131zca 38 beden<\/p>\n<p>Kiri\u015f \u00f6l\u00e7\u00fcleri:<br \/>\nY\u00fckseklik: 174. G\u00f6\u011f\u00fcs: 90. Bel: 65. Kal\u00e7a: 90.<br \/>\nY\u00fckseklik 145 cm<\/p>\n<p>Fiyat 750<\/p>\n","protected":false},"excerpt":{"rendered":"<p>Malzeme G\u00fcderi Yaln\u0131zca 38 beden Kiri\u015f \u00f6l\u00e7\u00fcleri: Y\u00fckseklik: 174. G\u00f6\u011f\u00fcs: 90. Bel: 65. Kal\u00e7a: 90. Y\u00fckseklik 145 cm Fiyat 750<\/p>\n","protected":false},"featured_media":40209,"comment_status":"open","ping_status":"closed","template":"","meta":[],"product_cat":[530,531],"product_tag":[],"_links":{"self":[{"href":"https:\/\/modaturki.com\/tr\/wp-json\/wp\/v2\/product\/40541"}],"collection":[{"href":"https:\/\/modaturki.com\/tr\/wp-json\/wp\/v2\/product"}],"about":[{"href":"https:\/\/modaturki.com\/tr\/wp-json\/wp\/v2\/types\/product"}],"replies":[{"embeddable":true,"href":"https:\/\/modaturki.com\/tr\/wp-json\/wp\/v2\/comments?post=40541"}],"wp:featuredmedia":[{"embeddable":true,"href":"https:\/\/modaturki.com\/tr\/wp-json\/wp\/v2\/media\/40209"}],"wp:attachment":[{"href":"https:\/\/modaturki.com\/tr\/wp-json\/wp\/v2\/media?parent=40541"}],"wp:term":[{"taxonomy":"product_cat","embeddable":true,"href":"https:\/\/modaturki.com\/tr\/wp-json\/wp\/v2\/product_cat?post=40541"},{"taxonomy":"product_tag","embeddable":true,"href":"https:\/\/modaturki.com\/tr\/wp-json\/wp\/v2\/product_tag?post=40541"}],"curies":[{"name":"wp","href":"https:\/\/api.w.org\/{rel}","templated":true}]}}