{"id":40532,"date":"2025-04-16T14:26:34","date_gmt":"2025-04-16T14:26:34","guid":{"rendered":"https:\/\/modaturki.com\/product\/bordo-yazlik-ferace\/"},"modified":"2025-04-19T14:22:47","modified_gmt":"2025-04-19T14:22:47","slug":"bordo-yazlik-ferace","status":"publish","type":"product","link":"https:\/\/modaturki.com\/tr\/urun\/bordo-yazlik-ferace\/","title":{"rendered":"Bordo Yazl\u0131k Ferace"},"content":{"rendered":"<p>\u015e\u0131k bordo renginde yazl\u0131k ferace. Yaz g\u00fcnleri i\u00e7in m\u00fckemmel olan hafif ve rahat bir malzeme. \u0130ki boyutta mevcuttur: 42 ve 52.<\/p>\n","protected":false},"excerpt":{"rendered":"<p>\u015e\u0131k bordo renginde yazl\u0131k ferace. Yaz g\u00fcnleri i\u00e7in m\u00fckemmel olan hafif ve rahat bir malzeme. \u0130ki boyutta mevcuttur: 42 ve 52.<\/p>\n","protected":false},"featured_media":40501,"comment_status":"open","ping_status":"closed","template":"","meta":[],"product_cat":[524],"product_tag":[],"_links":{"self":[{"href":"https:\/\/modaturki.com\/tr\/wp-json\/wp\/v2\/product\/40532"}],"collection":[{"href":"https:\/\/modaturki.com\/tr\/wp-json\/wp\/v2\/product"}],"about":[{"href":"https:\/\/modaturki.com\/tr\/wp-json\/wp\/v2\/types\/product"}],"replies":[{"embeddable":true,"href":"https:\/\/modaturki.com\/tr\/wp-json\/wp\/v2\/comments?post=40532"}],"wp:featuredmedia":[{"embeddable":true,"href":"https:\/\/modaturki.com\/tr\/wp-json\/wp\/v2\/media\/40501"}],"wp:attachment":[{"href":"https:\/\/modaturki.com\/tr\/wp-json\/wp\/v2\/media?parent=40532"}],"wp:term":[{"taxonomy":"product_cat","embeddable":true,"href":"https:\/\/modaturki.com\/tr\/wp-json\/wp\/v2\/product_cat?post=40532"},{"taxonomy":"product_tag","embeddable":true,"href":"https:\/\/modaturki.com\/tr\/wp-json\/wp\/v2\/product_tag?post=40532"}],"curies":[{"name":"wp","href":"https:\/\/api.w.org\/{rel}","templated":true}]}}