{"id":40073,"date":"2017-09-27T17:17:24","date_gmt":"2017-09-27T17:17:24","guid":{"rendered":"https:\/\/modaturki.com\/alisveris-sepeti\/"},"modified":"2017-09-27T17:17:24","modified_gmt":"2017-09-27T17:17:24","slug":"alisveris-sepeti","status":"publish","type":"page","link":"https:\/\/modaturki.com\/tr\/alisveris-sepeti\/","title":{"rendered":"Al\u0131\u015fveri\u015f Sepeti"},"content":{"rendered":"<div  class=\"section-element\"><div class=\"row\"><div class=\"large-12 margin-bottom-30 nasa-col columns\"><div  class=\"wpb_text_column wpb_content_element\">\n<\/div><\/div><\/div><\/div>\n","protected":false},"excerpt":{"rendered":"","protected":false},"author":1,"featured_media":0,"parent":0,"menu_order":0,"comment_status":"closed","ping_status":"closed","template":"page-shopping-cart.php","meta":{"footnotes":""},"_links":{"self":[{"href":"https:\/\/modaturki.com\/tr\/wp-json\/wp\/v2\/pages\/40073"}],"collection":[{"href":"https:\/\/modaturki.com\/tr\/wp-json\/wp\/v2\/pages"}],"about":[{"href":"https:\/\/modaturki.com\/tr\/wp-json\/wp\/v2\/types\/page"}],"author":[{"embeddable":true,"href":"https:\/\/modaturki.com\/tr\/wp-json\/wp\/v2\/users\/1"}],"replies":[{"embeddable":true,"href":"https:\/\/modaturki.com\/tr\/wp-json\/wp\/v2\/comments?post=40073"}],"version-history":[{"count":0,"href":"https:\/\/modaturki.com\/tr\/wp-json\/wp\/v2\/pages\/40073\/revisions"}],"wp:attachment":[{"href":"https:\/\/modaturki.com\/tr\/wp-json\/wp\/v2\/media?parent=40073"}],"curies":[{"name":"wp","href":"https:\/\/api.w.org\/{rel}","templated":true}]}}