{"id":40018,"date":"2024-05-25T09:35:27","date_gmt":"2024-05-25T09:35:27","guid":{"rendered":"https:\/\/modaturki.com\/gizlilik-politikasi\/"},"modified":"2024-06-12T13:18:23","modified_gmt":"2024-06-12T13:18:23","slug":"gizlilik-politikasi","status":"publish","type":"page","link":"https:\/\/modaturki.com\/tr\/gizlilik-politikasi\/","title":{"rendered":"Gizlilik Politikas\u0131"},"content":{"rendered":"\n<p>ModaTurki&#8217;de. Gizlili\u011finize sayg\u0131 duyuyor ve ki\u015fisel verilerinizi korumak i\u00e7in \u00e7aba g\u00f6steriyoruz. Bu gizlilik politikas\u0131 nas\u0131l toplad\u0131\u011f\u0131m\u0131z\u0131, kulland\u0131\u011f\u0131m\u0131z\u0131 ve Web sitemizi ziyaret etti\u011finizde veya web sitemizden bir sat\u0131n alma i\u015flemi yapt\u0131\u011f\u0131n\u0131zda bilgilerinizi payla\u015fmak.<\/p>\n\n<h3 class=\"wp-block-heading\">1. <strong>Toplad\u0131\u011f\u0131m\u0131z bilgiler<\/strong><\/h3>\n\n<h4 class=\"wp-block-heading\">A.  <strong>Ki\u015fisel bilgiler<\/strong><\/h4>\n\n<p>Web sitemizi ziyaret etti\u011finizde veya bir sat\u0131n alma i\u015flemi yapt\u0131\u011f\u0131n\u0131zda. Bize g\u00f6n\u00fcll\u00fc olarak sa\u011flad\u0131\u011f\u0131n\u0131z belirli ki\u015fisel bilgileri toplayabiliriz. Sevdim:<\/p>\n\n<ul>\n<li>\u0130sim<\/li>\n\n\n\n<li>E-posta Adresi<\/li>\n\n\n\n<li>Telefon numaras\u0131<\/li>\n\n\n\n<li>Nakliye ve fatura adresi<\/li>\n\n\n\n<li>\u00d6deme bilgileri (\u00f6rn. kredi kart\u0131 veya banka hesap numaras\u0131)<\/li>\n<\/ul>\n\n<h4 class=\"wp-block-heading\">B.  <strong>Ki\u015fisel Olmayan Bilgiler<\/strong><\/h4>\n\n<p>Web sitemizle etkile\u015fime girdi\u011finizde ki\u015fisel olarak tan\u0131mlanamayan bilgiler de toplar\u0131z. Sevdim:<\/p>\n\n<ul>\n<li>IP Adresi<\/li>\n\n\n\n<li>Taray\u0131c\u0131 t\u00fcr\u00fc<\/li>\n\n\n\n<li>Ziyaret etti\u011finiz sayfalar<\/li>\n\n\n\n<li>Ziyaret s\u00fcresi<\/li>\n\n\n\n<li>Y\u00f6nlendirme ba\u011flant\u0131lar\u0131<\/li>\n<\/ul>\n\n<h3 class=\"wp-block-heading\">2. <strong>Bilgi kullan\u0131m\u0131<\/strong><\/h3>\n\n<p>Toplad\u0131\u011f\u0131m\u0131z bilgileri a\u015fa\u011f\u0131daki ama\u00e7lar i\u00e7in kullan\u0131r\u0131z:<\/p>\n\n<ul>\n<li>Sipari\u015f i\u015fleme ve yerine getirme<\/li>\n\n\n\n<li>Al\u0131\u015fveri\u015f deneyiminizi optimize edin<\/li>\n\n\n\n<li>Sipari\u015fler, \u00fcr\u00fcnler hakk\u0131nda sizinle ileti\u015fim kurmak ve hizmetler<\/li>\n\n\n\n<li>Web sitesi i\u00e7eri\u011finin ve promosyonlar\u0131n \u00f6zelle\u015ftirilmesi<\/li>\n\n\n\n<li>Site performans\u0131n\u0131 analiz etmek ve hizmetlerimizi iyile\u015ftirmek<\/li>\n\n\n\n<li>Yasal ve d\u00fczenleyici gerekliliklere uygunluk<\/li>\n<\/ul>\n\n<h3 class=\"wp-block-heading\">3. <strong>Bilgi payla\u015f\u0131m\u0131<\/strong><\/h3>\n\n<p>Ki\u015fisel bilgilerinizi \u00fc\u00e7\u00fcnc\u00fc bir tarafa satm\u0131yor veya kiralam\u0131yoruz. Bilgilerinizi a\u015fa\u011f\u0131daki durumlarda payla\u015fabiliriz:<\/p>\n\n<ul>\n<li>bizim ad\u0131m\u0131za belirli hizmetleri yerine getirmeleri i\u00e7in hizmet sa\u011flay\u0131c\u0131larla (nakliye \u015firketleri ve \u00f6deme i\u015flemcileri gibi)<\/li>\n\n\n\n<li>Yasa veya yasal s\u00fcre\u00e7 gerektiriyorsa<\/li>\n\n\n\n<li>Haklar\u0131m\u0131z\u0131 veya m\u00fclkiyetimizi ya da kullan\u0131c\u0131lar\u0131m\u0131z\u0131n veya ba\u015fkalar\u0131n\u0131n g\u00fcvenli\u011fini korumak i\u00e7in<\/li>\n<\/ul>\n\n<h3 class=\"wp-block-heading\">4. <strong>Bilgi g\u00fcvenli\u011fi<\/strong><\/h3>\n\n<p>Bize sa\u011flad\u0131\u011f\u0131n\u0131z bilgileri korumak i\u00e7in tan\u0131nm\u0131\u015f end\u00fcstri standartlar\u0131n\u0131 takip ediyoruz. Hem nakliye s\u0131ras\u0131nda hem de teslim ald\u0131ktan sonra. Ancak. \u0130nternet \u00fczerinden iletti\u011finiz herhangi bir bilginin g\u00fcvenli\u011fini tam olarak garanti edemeyiz.<\/p>\n\n<h3 class=\"wp-block-heading\">5. <strong>\u00c7erezler<\/strong><\/h3>\n\n<p>Deneyiminizi optimize etmek amac\u0131yla web sitemizle etkile\u015fiminiz hakk\u0131nda bilgi toplamak i\u00e7in \u00e7erezleri ve benzer teknolojileri kullan\u0131r\u0131z. Taray\u0131c\u0131 ayarlar\u0131n\u0131z\u0131 \u00e7erezleri reddedecek \u015fekilde d\u00fczenleyebilirsiniz. Ancak bu durum sitenin i\u015flevselli\u011fini etkileyebilir.<\/p>\n\n<h3 class=\"wp-block-heading\">6. <strong>Sizin haklar\u0131n\u0131z<\/strong><\/h3>\n\n<ul>\n<li>Ki\u015fisel bilgilere eri\u015fim: Hakk\u0131n\u0131zda tuttu\u011fumuz ki\u015fisel bilgilere eri\u015fim talebinde bulunabilirsiniz.<\/li>\n\n\n\n<li>Bilgileri d\u00fczeltin: Ki\u015fisel bilgilerinizi d\u00fczeltme veya g\u00fcncelleme talebinde bulunabilirsiniz.<\/li>\n\n\n\n<li>Bilgileri sil: Ki\u015fisel bilgilerinizin silinmesini talep edebilirsiniz. Belirli yasal istisnalara tabidir.<\/li>\n\n\n\n<li>Veri i\u015flemeye itiraz: Baz\u0131 durumlarda ki\u015fisel bilgilerinizin i\u015flenmesine itiraz edebilirsiniz.<\/li>\n<\/ul>\n\n<h3 class=\"wp-block-heading\">7. <strong>Gizlilik Politikas\u0131nda Yap\u0131lan De\u011fi\u015fiklikler<\/strong><\/h3>\n\n<p>Bu Gizlilik Politikas\u0131n\u0131 diledi\u011fimiz zaman de\u011fi\u015ftirme hakk\u0131m\u0131z sakl\u0131d\u0131r. Herhangi bir de\u011fi\u015fiklik bu sayfada yay\u0131nlanacakt\u0131r. L\u00fctfen bunlar\u0131 d\u00fczenli olarak g\u00f6zden ge\u00e7irin.<\/p>\n\n<h3 class=\"wp-block-heading\">8. <strong>Bizimle ileti\u015fim kurun<\/strong><\/h3>\n\n<p>Bu Gizlilik Politikas\u0131 hakk\u0131nda herhangi bir sorunuz veya endi\u015feniz varsa. L\u00fctfen bizimle ileti\u015fime ge\u00e7in:<\/p>\n\n<ul>\n<li>E-posta: <a>info@modaturki.com<\/a><\/li>\n\n\n\n<li>Telefon: 902128522305 +<\/li>\n<\/ul>\n\n<p>ModaTurki&#8217;yi tercih etti\u011finiz i\u00e7in te\u015fekk\u00fcr ederiz. G\u00fcveninize de\u011fer veriyor ve gizlili\u011finizi korumak i\u00e7in her zaman \u00e7aba g\u00f6steriyoruz.<\/p>\n","protected":false},"excerpt":{"rendered":"<p>ModaTurki&#8217;de. Gizlili\u011finize sayg\u0131 duyuyor ve ki\u015fisel verilerinizi korumak i\u00e7in \u00e7aba g\u00f6steriyoruz. Bu gizlilik politikas\u0131 nas\u0131l toplad\u0131\u011f\u0131m\u0131z\u0131, kulland\u0131\u011f\u0131m\u0131z\u0131 ve Web sitemizi ziyaret etti\u011finizde veya web sitemizden bir sat\u0131n alma i\u015flemi yapt\u0131\u011f\u0131n\u0131zda bilgilerinizi payla\u015fmak. 1. Toplad\u0131\u011f\u0131m\u0131z bilgiler A. Ki\u015fisel bilgiler Web sitemizi ziyaret etti\u011finizde veya bir sat\u0131n alma i\u015flemi yapt\u0131\u011f\u0131n\u0131zda. Bize g\u00f6n\u00fcll\u00fc olarak sa\u011flad\u0131\u011f\u0131n\u0131z belirli ki\u015fisel bilgileri [&hellip;]<\/p>\n","protected":false},"author":1,"featured_media":0,"parent":0,"menu_order":0,"comment_status":"closed","ping_status":"closed","template":"page-left-sidebar.php","meta":{"footnotes":""},"_links":{"self":[{"href":"https:\/\/modaturki.com\/tr\/wp-json\/wp\/v2\/pages\/40018"}],"collection":[{"href":"https:\/\/modaturki.com\/tr\/wp-json\/wp\/v2\/pages"}],"about":[{"href":"https:\/\/modaturki.com\/tr\/wp-json\/wp\/v2\/types\/page"}],"author":[{"embeddable":true,"href":"https:\/\/modaturki.com\/tr\/wp-json\/wp\/v2\/users\/1"}],"replies":[{"embeddable":true,"href":"https:\/\/modaturki.com\/tr\/wp-json\/wp\/v2\/comments?post=40018"}],"version-history":[{"count":1,"href":"https:\/\/modaturki.com\/tr\/wp-json\/wp\/v2\/pages\/40018\/revisions"}],"predecessor-version":[{"id":40021,"href":"https:\/\/modaturki.com\/tr\/wp-json\/wp\/v2\/pages\/40018\/revisions\/40021"}],"wp:attachment":[{"href":"https:\/\/modaturki.com\/tr\/wp-json\/wp\/v2\/media?parent=40018"}],"curies":[{"name":"wp","href":"https:\/\/api.w.org\/{rel}","templated":true}]}}